{"id":1553,"date":"2022-08-29T16:29:53","date_gmt":"2022-08-29T23:29:53","guid":{"rendered":"http:\/\/slcr.wsu.edu\/newsletter\/?page_id=1553"},"modified":"2026-03-25T09:55:21","modified_gmt":"2026-03-25T16:55:21","slug":"creative-writing-competition-2022","status":"publish","type":"page","link":"https:\/\/slcr.wsu.edu\/newsletter\/creative-writing-competition-2022\/","title":{"rendered":"Creative Writing Competition 2022"},"content":{"rendered":"<header class=\"wsu-article-header \">\r\n\t<h1 class=\"wsu-article-header__title\">\r\n\t\tSpanish Creative Writing Competition\t<\/h1>\r\n\t\t<\/header>\r\n\n\n<div class=\"wsu-row wsu-row--single\" >\r\n    \n<div class=\"wsu-column\"  style=\"\">\r\n\t\n\n<p>Every year, the Spanish department organizes a creative writing competition in which students from every level are encouraged to participate. This year\u2019s prompt was <em>\u201cLa Felicidad en 100 palabras\u201d<\/em>: Happiness in 100 words. <a href=\"https:\/\/slcr.wsu.edu\/newsletter\/documents\/2026\/03\/convocatoria-la-felicidad-en-100-palabras.pdf\/\">The call for submissions read<\/a>:<\/p>\n\n\n\n<blockquote class=\"wp-block-quote\">\n<p><em>\u201cLa felicidad en 100 palabras\u201d is an initiative that seeks to promote creative writing among the School of Languages, Cultures, and Race (SLCR) students of Spanish across campuses and regardless of language proficiency level. Each learner of Spanish language and cultures\u2014starting at the 101 level\u2014can produce texts that go above and beyond the mere instrumental acquisition and use of the language. Each learner of Spanish can create literature.<\/em><\/p>\n\n\n\n<p><em>We invite you to submit a short story written in Spanish, a tale of a maximum of 100 words (not counting the title) that creatively reflects on the topic of happiness: When were you happy for the very first time? How has this memory marked your life? How has it shaped your idea of happiness afterwards? Perhaps you are thinking of what made someone else happy: a friend, a pet, a grandparent, or a stranger who crossed your path and you never saw again. We are not looking for an academic essay that defines the notion of happiness but rather a personal depiction of a special experience, encounter, or hope for the future that makes your reader say: \u201cThis story ignites those enigmatic emotions that get at the core of what happiness really is.\u201d We are calling for submissions of all sorts of stories, styles, and approaches: intimate, philosophical, science fiction, memory tale, humorous, (auto)biographical, testimonial, among others.<\/em><\/p>\n<\/blockquote>\n\n\n<div class=\"wp-block-image wp-image-1555\">\n<figure class=\"aligncenter\"><img decoding=\"async\" loading=\"lazy\" width=\"425\" height=\"155\" src=\"https:\/\/wpcdn.web.wsu.edu\/wp-cas\/uploads\/sites\/3219\/2022\/06\/COnvocatoria.jpg\" alt=\"A strip of the Argentinian comic &quot;Enriqueta y Fellini&quot;. It reads&quot; \u201cTo sharpen a pen and smell it. They\u2019re right\u2026 Happiness is free.\u201d\" class=\"wp-image-1555\" srcset=\"https:\/\/wpcdn.web.wsu.edu\/wp-cas\/uploads\/sites\/3219\/2022\/06\/COnvocatoria.jpg 425w, https:\/\/wpcdn.web.wsu.edu\/wp-cas\/uploads\/sites\/3219\/2022\/06\/COnvocatoria-396x144.jpg 396w\" sizes=\"(max-width: 425px) 100vw, 425px\" \/><figcaption class=\"wp-element-caption\">\u201cTo sharpen a pen and smell it. They\u2019re right\u2026 Happiness is free.\u201d Enriqueta y Fellini: \u201cLa felicidad es gratis,\u201d by Argentinian cartoonist Liniers<\/figcaption><\/figure><\/div>\n<\/div>\r\n\n<\/div>\n\n\n<h2 class=\"wp-block-heading\">The Winners<\/h2>\n\n\n<div class=\"wsu-row wsu-row--single\" >\r\n    \n<div class=\"wsu-column\"  style=\"\">\r\n\t\n\n<p>The winners were announced during the SLCR Awards Ceremony on April 18. &nbsp;They are:<\/p>\n\n\n\n<p><strong>400 Level Category: Vanesa Veniaminovna Marar<\/strong>, Pullman Campus.<\/p>\n\n\n<div class=\"wp-block-image\">\n<figure class=\"alignright size-full is-resized\"><img decoding=\"async\" loading=\"lazy\" src=\"https:\/\/wpcdn.web.wsu.edu\/wp-cas\/uploads\/sites\/3219\/2022\/06\/headshot-photo-675x900-1.jpg\" alt=\"Vanesa Veniaminovna Marar\" class=\"wp-image-1561\" width=\"169\" height=\"225\" srcset=\"https:\/\/wpcdn.web.wsu.edu\/wp-cas\/uploads\/sites\/3219\/2022\/06\/headshot-photo-675x900-1.jpg 675w, https:\/\/wpcdn.web.wsu.edu\/wp-cas\/uploads\/sites\/3219\/2022\/06\/headshot-photo-675x900-1-396x528.jpg 396w\" sizes=\"(max-width: 169px) 100vw, 169px\" \/><\/figure><\/div>\n\n\n<blockquote class=\"wp-block-quote\">\n<p><em>La felicidad es\u2026<\/em><\/p>\n\n\n\n<p><em>Llevar una vyshyvanka, y adornarme la cabeza con un colorido vinok<\/em><\/p>\n\n\n\n<p><em>Escuchar las voces blancas resonando a trav\u00e9s de las colinas de amapolas<\/em><\/p>\n\n\n\n<p><em>Caminar por los senderos y ver las casas de ladrillos<\/em><\/p>\n\n\n\n<p><em>Escuchar la risa, no los gritos cortados por la brusquedad de la muerte\u2026 el llanto amargo de hu\u00e9rfanos y viudas<\/em><\/p>\n\n\n\n<p><em>Ver los cuerpos de hermanos llenos de vida, no destrozados por balas y proyectiles<\/em><\/p>\n\n\n\n<p><em>Tener una ni\u00f1ez no ennegrecida y asfixiada por la guerra<\/em><\/p>\n\n\n\n<p><em>Ver el azul y el amarillo puros y brillantes, no manchados de rojo-sangre<\/em><\/p>\n\n\n\n<p><em>La felicidad es estar en la patria y<\/em><\/p>\n\n\n\n<p><em>Ser ucraniana.<\/em><\/p>\n<\/blockquote>\n\n<\/div>\r\n\n<\/div>\n\n<div class=\"wsu-row wsu-row--single\" >\r\n    \n<div class=\"wsu-column\"  style=\"\">\r\n\t\n\n<p><strong>300 Level Category: Alma Melchor Burgos<\/strong>, Vancouver Campus.<\/p>\n\n\n<div class=\"wp-block-image\">\n<figure class=\"alignright is-resized\"><img decoding=\"async\" loading=\"lazy\" src=\"https:\/\/wpcdn.web.wsu.edu\/wp-cas\/uploads\/sites\/3219\/2022\/06\/Alma-Melchor-Burgos-600x900-1.jpg\" alt=\"\" class=\"wp-image-1559\" width=\"150\" height=\"225\" srcset=\"https:\/\/wpcdn.web.wsu.edu\/wp-cas\/uploads\/sites\/3219\/2022\/06\/Alma-Melchor-Burgos-600x900-1.jpg 600w, https:\/\/wpcdn.web.wsu.edu\/wp-cas\/uploads\/sites\/3219\/2022\/06\/Alma-Melchor-Burgos-600x900-1-396x594.jpg 396w\" sizes=\"(max-width: 150px) 100vw, 150px\" \/><\/figure><\/div>\n\n\n<blockquote class=\"wp-block-quote\">\n<p><em>Juan Pablo.<\/em><\/p>\n\n\n\n<p><em>aunque ya est\u00e9s lejos<\/em><\/p>\n\n\n\n<p><em>nosotros recordamos tu sombrero,<\/em><\/p>\n\n\n\n<p><em>y \u00c9l, siempre, tus consejos,<\/em><\/p>\n\n\n\n<p><em>en este triste febrero<\/em><\/p>\n\n\n\n<p><em>a\u00fan lloramos tu muerte<\/em><\/p>\n\n\n\n<p><em>recordamos tus rega\u00f1os<\/em><\/p>\n\n\n\n<p><em>y c\u00f3mo a\u00fan quisi\u00e9ramos tenerte&nbsp;<\/em><\/p>\n\n\n\n<p><em>c\u00f3mo suplicar\u00edamos por m\u00e1s a\u00f1os<\/em><\/p>\n\n\n\n<p><em>c\u00f3mo me acuerdo de tu paleta payaso<\/em><\/p>\n\n\n\n<p><em>tu pelo blanco como algod\u00f3n<\/em><\/p>\n\n\n\n<p><em>y c\u00f3mo quisiera darte otro abrazo<\/em><\/p>\n\n\n\n<p><em>y pedirte perd\u00f3n<\/em><\/p>\n\n\n\n<p><em>te extra\u00f1o mucho, \u00c9l, a\u00fan m\u00e1s<\/em><\/p>\n\n\n\n<p><em>te fuiste sin un adi\u00f3s<\/em><\/p>\n\n\n\n<p><em>\u00c9l nunca te olvidar\u00e1, jam\u00e1s&nbsp;<\/em><\/p>\n\n\n\n<p><em>pero ahora est\u00e1s junto a Dios<\/em><\/p>\n\n\n\n<p><em>gracias por tanta felicidad<\/em><\/p>\n\n\n\n<p><em>te amaremos hasta la eternidad<\/em><\/p>\n\n\n\n<p><em>Salud<\/em><\/p>\n<\/blockquote>\n\n<\/div>\r\n\n<\/div>\n\n<div class=\"wsu-row wsu-row--single\" >\r\n    \n<div class=\"wsu-column\"  style=\"\">\r\n\t\n\n<p><strong>100\/200 Level Category: Callie Kuykendall<\/strong>, Pullman Campus.<\/p>\n\n\n<div class=\"wp-block-image\">\n<figure class=\"alignright size-full is-resized\"><img decoding=\"async\" loading=\"lazy\" src=\"https:\/\/wpcdn.web.wsu.edu\/wp-cas\/uploads\/sites\/3219\/2022\/06\/Callie-Kuykendall-768x811-1.jpg\" alt=\"\" class=\"wp-image-1560\" width=\"192\" height=\"203\" srcset=\"https:\/\/wpcdn.web.wsu.edu\/wp-cas\/uploads\/sites\/3219\/2022\/06\/Callie-Kuykendall-768x811-1.jpg 768w, https:\/\/wpcdn.web.wsu.edu\/wp-cas\/uploads\/sites\/3219\/2022\/06\/Callie-Kuykendall-768x811-1-396x418.jpg 396w\" sizes=\"(max-width: 192px) 100vw, 192px\" \/><\/figure><\/div>\n\n\n<blockquote class=\"wp-block-quote\">\n<p><em>Un c\u00edrculo de c\u00edtrico.<\/em><\/p>\n\n\n\n<p><em>La felicidad y la tristeza comparten una nariz<\/em><\/p>\n\n\n\n<p><em>Cuando una inhala la otra exhala<\/em><\/p>\n\n\n\n<p><em>Ya que conozco el sabor de una naranja dulce, reconozco cuando otra carece de \u00e9l<\/em><\/p>\n\n\n\n<p><em>\u00bfSignifica que me arrepiento de las deliciosas y as\u00ed las otras saben mejor?<\/em><\/p>\n\n\n\n<p><em>Claro que no<\/em><\/p>\n\n\n\n<p><em>\u00bfMe arrepiento de las malas?<\/em><\/p>\n\n\n\n<p><em>Todav\u00eda no<\/em><\/p>\n\n\n\n<p><em>Porque las malas naranjas me hicieron dar cuenta de que las buenas eran regalos<\/em><\/p>\n\n\n\n<p><em>Y, \u00bfsabes qu\u00e9?, a veces respiramos la felicidad y la tristeza a la vez<\/em><\/p>\n\n\n\n<p><em>&nbsp;Cuando el delicioso sabor se desvanezca de mi lengua, estar\u00e9 triste.<\/em><\/p>\n\n\n\n<p><em>Pero, por la misma raz\u00f3n estar\u00e9 feliz porque el mal sabor se desvanecer\u00e1 tambi\u00e9n.<\/em><\/p>\n<\/blockquote>\n\n<\/div>\r\n\n<\/div>\n\n<div class=\"wsu-row wsu-row--single\" >\r\n    \n<div class=\"wsu-column\"  style=\"\">\r\n\t\n\n<hr class=\"wp-block-separator has-css-opacity\"\/>\n\n\n\n<p>The competition was covered by<em><strong> The Daily Evergreen<\/strong><\/em>, where the work of the first-place winners were published. <a href=\"https:\/\/dailyevergreen.com\/133879\/culture\/la-felicidad-en-100-palabras\/\">Read their article here!<\/a><\/p>\n\n\n\n<p>Other than being published, the first-place winners received a diploma, a book, an SLCR t-shirt, and a representative gift of a Hispanic country or culture. Second- and third-place winners in each category received a diploma and SLCR memorabilia.<\/p>\n\n<\/div>\r\n\n<\/div>","protected":false},"excerpt":{"rendered":"<p>The Winners<\/p>\n","protected":false},"author":28040,"featured_media":0,"parent":0,"menu_order":0,"comment_status":"closed","ping_status":"closed","template":"","meta":[],"wsuwp_university_location":[],"wsuwp_university_org":[],"_links":{"self":[{"href":"https:\/\/slcr.wsu.edu\/newsletter\/wp-json\/wp\/v2\/pages\/1553"}],"collection":[{"href":"https:\/\/slcr.wsu.edu\/newsletter\/wp-json\/wp\/v2\/pages"}],"about":[{"href":"https:\/\/slcr.wsu.edu\/newsletter\/wp-json\/wp\/v2\/types\/page"}],"author":[{"embeddable":true,"href":"https:\/\/slcr.wsu.edu\/newsletter\/wp-json\/wp\/v2\/users\/28040"}],"replies":[{"embeddable":true,"href":"https:\/\/slcr.wsu.edu\/newsletter\/wp-json\/wp\/v2\/comments?post=1553"}],"version-history":[{"count":12,"href":"https:\/\/slcr.wsu.edu\/newsletter\/wp-json\/wp\/v2\/pages\/1553\/revisions"}],"predecessor-version":[{"id":1822,"href":"https:\/\/slcr.wsu.edu\/newsletter\/wp-json\/wp\/v2\/pages\/1553\/revisions\/1822"}],"wp:attachment":[{"href":"https:\/\/slcr.wsu.edu\/newsletter\/wp-json\/wp\/v2\/media?parent=1553"}],"wp:term":[{"taxonomy":"wsuwp_university_location","embeddable":true,"href":"https:\/\/slcr.wsu.edu\/newsletter\/wp-json\/wp\/v2\/wsuwp_university_location?post=1553"},{"taxonomy":"wsuwp_university_org","embeddable":true,"href":"https:\/\/slcr.wsu.edu\/newsletter\/wp-json\/wp\/v2\/wsuwp_university_org?post=1553"}],"curies":[{"name":"wp","href":"https:\/\/api.w.org\/{rel}","templated":true}]}}