{"id":1566,"date":"2022-08-29T16:29:07","date_gmt":"2022-08-29T23:29:07","guid":{"rendered":"http:\/\/slcr.wsu.edu\/newsletter\/?page_id=1566"},"modified":"2025-10-13T15:25:30","modified_gmt":"2025-10-13T22:25:30","slug":"research-publications-by-our-faculty-and-graduate-students-2022","status":"publish","type":"page","link":"https:\/\/slcr.wsu.edu\/newsletter\/research-publications-by-our-faculty-and-graduate-students-2022\/","title":{"rendered":"Research &amp; Publications by our Faculty and Graduate Students 2022"},"content":{"rendered":"<header class=\"wsu-article-header \">\r\n\t<h1 class=\"wsu-article-header__title\">\r\n\t\tResearch &amp; Publications by our Faculty and Graduate Students\t<\/h1>\r\n\t\t<\/header>\r\n\n\n<div class=\"wsu-row wsu-row--single\" >\r\n    \n<div class=\"wsu-column\"  style=\"\">\r\n\t\n\n<h2 class=\"wp-block-heading\">Books and Monographs<\/h2>\n\n\n\n<p>Leonard, David and Stephanie Tourtman (Eds.). 2021. <em>Race in American Television: Voices and Visions That Shaped a Nation<\/em>. Greenwood Press.<\/p>\n\n\n\n<p>Lopez-Lopez, Sonia. 2021. <em>Differentiating instruction for heritage speakers of Spanish <\/em>(Order No. 28493363). Available from Dissertations &amp; Theses @ Washington State University WCLP; ProQuest Dissertations &amp; Theses A&amp;I.<\/p>\n\n\n\n<p>Navarro-Daniels, V. C., Ortiz Lorca, M. 2021. <em>En la elocuencia del silencio. Edici\u00f3n cr\u00edtica de la obra po\u00e9tica de Marta Ortiz Lorca<\/em>. Valpara\u00edso: Ediciones Universitarias de Valpara\u00edso (EUV). Pontificia Universidad Cat\u00f3lica de Valpara\u00edso.<\/p>\n\n<\/div>\r\n\n<\/div>\n\n<div class=\"wsu-row wsu-row--single\" >\r\n    \n<div class=\"wsu-column\"  style=\"\">\r\n\t\n\n<h2 class=\"wp-block-heading\">Refereed Book Chapters and Journal Articles<\/h2>\n\n\n\n<p>Arellano, Francisco. 2021. \u201cEntre la CO2lonizaci\u00f3n, las epidemias y la crisis clim\u00e1tica\u201d. <em>Revista de la Universidad de M\u00e9xico<\/em>. Vol. 874-875. pp. 60-65.<\/p>\n\n\n\n<p>Cao, Weiguo. 2021. Translation, annotation, and commentary of Chapter 71 of <em>The Grand Scribe&#8217;s Records<\/em>. William Nienhauser, Jr., ed., Bloomington: Indiana University Press. pp. 257-285.<\/p>\n\n\n\n<p>de Quintana Lasa, Bego\u00f1a. 2021. &#8220;El lenguaje sagrado del movimiento: sensualidad y misticismo femenino en la obra de Nellie Campobello\u201d (\u201cThe Sacred Language of Movement: Sensuality and Feminine Mysticism in the Work of Nellie Campobello,\u201d) in <em>Femenino singular. <\/em><em>Revisiones del canon literario iberoamericano contempor\u00e1neo.<\/em> pp. 55-72<strong>. <\/strong><\/p>\n\n\n\n<p>Ginsburg, Samuel. 2021. \u201cBombs, Bodies, and Ghosts: Navigating Rhetorical Legacies of Nuclear Technology in Recent Caribbean Science Fiction,\u201d <em>Mitolog\u00edas Hoy<\/em>.<\/p>\n\n\n\n<p>Liu, Xinmin. 2021. \u201cIntroduction\u201d to co-edited volume of essays entitled <em>Embodied Memories, Embedded Healing: New Ecological Perspectives from East Asia<\/em>. Edits by Xinmin Liu and Peter I-min Huang, Lexington Books. pp. 1-13.<\/p>\n\n\n\n<p>Liu, Xinmin. 2021. \u201cConclusion\u201d to co-edited volume of essays entitled <em>Embodied Memories, Embedded Healing: New Ecological Perspectives from East Asia<\/em>. Edits by Xinmin Liu and Peter I-min Huang, Lexington Books, November 2021. pp. 267-272.<\/p>\n\n\n\n<p>Lugo-Lugo, Carmen R. and Mary K. Bloodsworth-Lugo. 2021. \u201cSocial Death in the Times of a Pandemic\u201d in Special Issue \u201cPeace Conflict and Justice in the Time of Pandemic\u201d published by <em>Peace Review<\/em>. Vol. 33.1. pp. 17-23.<\/p>\n\n\n\n<p>Navarro-Daniels, V. C. 2021. \u201cLa amante fascista, de Alejandro Moreno Jash\u00e9s: un viaje delirante a la oscura noche de Chile\u201d. <em>La mirada opuesta: voces de victimarios en la literatura latinoamericana contempor\u00e1nea. <\/em>Ciudad de M\u00e9xico (DF): Bonilla Artigas Editores. pp. 53-75.<\/p>\n\n\n\n<p>Navarro-Daniels, V. C. 2021. \u201c\u2019Sobreviviremos como dos robinsones\u2019: la p\u00e9rdida de referentes sociopol\u00edticos como disoluci\u00f3n del sujeto en \u2018La muerte mientras tanto\u2019, de Ignacio Mart\u00ednez de Pis\u00f3n\u201d. <em>Crear entre mundos: nuevas tendencias en la metaficci\u00f3n espa\u00f1ola.<\/em> Val\u00e8ncia: Albatros Ediciones. pp. 145-165.<\/p>\n\n\n\n<p>Streamas, John. 2021. \u201cNot Down but Different: Depression in the Shadow of the Black Dog.\u201d <em>Re\/Visioning Depression: Creative Approaches to \u201cFeeling Bad.\u201d <\/em>Ed. Julie Hollenbach and Robin Alex McDonald, 2021. New York: Palgrave Macmillan. pp. 39-50.<\/p>\n\n<\/div>\r\n\n<\/div>\n\n<div class=\"wsu-row wsu-row--single\" >\r\n    \n<div class=\"wsu-column\"  style=\"\">\r\n\t\n\n<h2 class=\"wp-block-heading\">Other Publications<\/h2>\n\n\n\n<p>Ross, C. A. Blog (2021, April 12). \u201c<em>We Cannot Be Moralists<\/em>.\u201d <a href=\"https:\/\/coffee-with-chuck.com\/2021\/04\/12\/we-cannot-be-moralists\/\"><em>Coffee with Chuck<\/em><\/a> (*<a href=\"#dis\" class=\"wsu-font-size--small\">See disclaimer<\/a>).<\/p>\n\n\n\n<p>Ross, C. A. Blog (2021, February 4). \u201cChanging the Neoliberal World Through Solidarity.\u201d <a href=\"https:\/\/coffee-with-chuck.com\/2021\/02\/04\/changing-the-neoliberal-world-through-solidarity\/\"><em>Coffee with Chuck<\/em><\/a> (*<a href=\"#dis\" class=\"wsu-font-size--small\">See disclaimer<\/a>)<\/p>\n\n\n\n<p>Ross, C. A. Blog (2021, January 1). \u201c2021: Freedom From the Culture.\u201d <a href=\"https:\/\/coffee-with-chuck.com\/2021\/01\/01\/2021-freedom-from-the-culture\/\"><em>Coffee with Chuck<\/em><\/a> (*<a href=\"#dis\" class=\"wsu-font-size--small\">See disclaimer<\/a>).<\/p>\n\n\n\n<p>Serrot, Kyle. 2021. \u201cHas the Future of Queer Arrived? Montero as Utopia\u201d <a href=\"https:\/\/aninjusticemag.com\/has-the-future-of-queer-arrived-montero-as-utopia-8ce5c6df3da1\"><em>An Injustice Magazine<\/em><\/a>.<\/p>\n\n\n\n<p>Serrot, Kyle. 2021. \u201cCost of Overturning Roe v. Wade.\u201d <em><a href=\"https:\/\/aninjusticemag.com\/the-hidden-costs-of-overturning-roe-v-wade-fce44a985917\">An Injustice Magazine<\/a>.<\/em><\/p>\n\n\n\n<p>Streamas, John. 2021. \u201cParallel Waters\u201d (poem), in <em>High Desert Journal <\/em>No. 32. <em><a href=\"https:\/\/www.highdesertjournal.org\/john-streamas-parallel-waters.\">Spring<\/a><\/em>.<\/p>\n\n\n\n<p>Streamas, John. 2021. \u201cGolden Years\u201d and \u201cShelter Out of Place\u201d (poems), in<em> Tales from Six Feet Apart<\/em>, online anthology from <em><a href=\"https:\/\/ioliteraryjournal.com\/tales-from-six-feet-apart.htm\">\u012bO Journal<\/a>.<\/em> 28 Feb 2021.<\/p>\n\n<\/div>\r\n\n<\/div>\n\n<div class=\"wsu-row wsu-row--single\" >\r\n    \n<div class=\"wsu-column\"  style=\"\">\r\n\t\n\n<h2 class=\"wp-block-heading\">Conference Presentations<\/h2>\n\n\n\n<p>Diehl, Andre. 2021. \u201c\u2019Tell me I\u2019m a good man,\u2019: An Open Letter to Tom Hanks Concerning History, Politics, and the Authorship of Narrative\u201d New England American Studies Association Conference.<\/p>\n\n\n\n<p>Ginsburg, Samuel. 2021. \u201c\u2018Estuvo delicioso\u2019: La sexualidad extraterrestre, el jineterismo, y el turismo sexual en la ciencia ficci\u00f3n cubana contempor\u00e1nea\u201d Latin American Studies Association, virtual format.<\/p>\n\n\n\n<p>Ginsburg, Samuel. 2021. \u201cIn this bleak abyss: The Speculative Autobiographical Writings of Carmen Maria Machado and Esm\u00e9 Weijun Wang.\u201d American Comparative Literature Association, virtual format.<\/p>\n\n\n\n<p>Hubert, Mike. 2021. \u201cGrammatical avoidance in the university world language classroom: Instructor beliefs and practices.\u201d <em>American Association for Applied Linguistics (AAAL) Conference<\/em>, virtual format.<\/p>\n\n\n\n<p>Hussein, Amanda. 2021. \u00abAmor traicionero: La reescritura de tres hero\u00ednas, Juana la Loca, In\u00e9s Su\u00e1rez y do\u00f1a Marina\u00bb<em> Congreso 2020<\/em>, Santo Domingo, Dominican Republic.<\/p>\n\n\n\n<p>Li, Yipeng. 2021. \u201cChinese Investment in Hollywood: New Mode\u201d The 4<sup>th<\/sup> International Symposium on the Humanistic Foundation and Cross-cultural Understanding of Sino-U.S. Relations.<\/p>\n\n\n\n<p>Martin, Spencer. 2021. \u201cSeeing through the Cracks: Local Latino Perspectives in a Global Pandemic\u201d. (Re)Framing Knowledge: Critical Approaches to Scholarly Literacy XX Hispanic and Lusophone Conference University of California, Santa Barbara.<\/p>\n\n\n\n<p>Navarro-Daniels, Vilma. 2021. \u201cThe Radical \u2018Other\u2019 as the Guardian of Memory: Body, Voice, and Dissent in Sebasti\u00e1n Lelio\u2019s <em>A Fantastic Woman,<\/em>\u201d Latin American Studies Association (LASA), virtual format.<\/p>\n\n\n\n<p>Navarro-Daniels, Vilma 2021. \u201c\u2019We will survive as two Robinsons\u2019: The Loss of Sociopolitical Referents as the Dissolution of One\u2019s Own Subjectivity in Ignacio Mart\u00ednez de Pis\u00f3n\u2019s \u2018La muerte mientras tanto\u2019 [\u2018Death meanwhile\u2019],\u201d International Conference on Literature and Hispanic Studies (CILH), Lock Haven University, Lock Haven, PE.<\/p>\n\n\n\n<p>Ross, Charles. 2021. \u201cSupreme Lessons as Taught by Dave East- A Guide for Mentors to follow: A tool to Empower Black Male Students\u201d roundtable for the Interdisciplinary Conference on Men and Masculinities, virtual format.<\/p>\n\n\n\n<p>Ross, Charles. 2021. \u201cI Am Black Ambition\u201d: An Exploration of Jay Z and Pharell\u2019s <em>Entrepreneur <\/em>as a Praxis for Social healing Driven by \u2018Black Capitalist Activism\u201d Southwest Popular American Culture Association Annual Conference, virtual format.<\/p>\n\n\n\n<p>Skinner, Claudia. 2021. \u201c\u2019Do you want to form an alliance with me?\u2019: Sapphic techno-corporeal communities on TikTok during COVID-19\u201d for the Cultural Studies Association Conference, virtual format.<\/p>\n\n\n\n<p>Streamas, John. 2021. \u201cAtomic Bombs as Race Weapons: Nuclear Family Dysfunctions,\u201d International Conference on Hate Studies, Gonzaga University, virtual format.<\/p>\n\n\n\n<p>Streamas, John. 2021. \u201cSteering Around the Transpacific in the Contemporary American Nuclear Imaginary,\u201d Association for Asian American Studies annual conference, virtual format.<\/p>\n\n\n\n<p>Webber, Insook. 2021. \u201cTrauma, Repetition and the Real in Marie NDiaye\u2019s <em>Ladivine<\/em>.\u201d <em>The Literature of Shock\/La Litt\u00e9rature de choc<\/em>, RMMLA, Oct 14-16, 2021.<\/p>\n\n<\/div>\r\n\n<\/div>\n\n<div class=\"wsu-row wsu-row--single\" >\r\n    \n<div class=\"wsu-column\"  style=\"\">\r\n\t\n\n<h2 class=\"wp-block-heading\">Keynote Addresses<\/h2>\n\n\n\n<p>Arellano, Francisco. 2021. \u201cEl Capitaloceno: una historia radical de la crisis clim\u00e1tica\u201d. Seminario de Filosof\u00eda de la Econom\u00eda. UNAM\/Instituto de Investigaciones Fil\u00f3soficas. Mexico City. August 30.<\/p>\n\n\n\n<p>Arellano, Francisco. 2021. \u201cCuerpo y Antropoceno: \u00bfc\u00f3mo percibir lo que nos rebasa?\u201d. ACT: Coloquio Ecolog\u00edas Cerebrales: di\u00e1logo entre neurociencias, arte y cultura. UNAM. M\u00e9xico City. June 23.<\/p>\n\n<\/div>\r\n\n<\/div>\n\n\n<p class=\"wsu-font-size--small\" id=\"dis\"><em>*Disclaimer: This link leads to an external website that is not hosted by the university. The views and content expressed are those of the faculty member and do not represent the official positions of the university.<\/em><\/p>\n","protected":false},"excerpt":{"rendered":"<p>*Disclaimer: This link leads to an external website that is not hosted by the university. The views and content expressed are those of the faculty member and do not represent the official positions of the university.<\/p>\n","protected":false},"author":28040,"featured_media":0,"parent":0,"menu_order":0,"comment_status":"closed","ping_status":"closed","template":"","meta":[],"wsuwp_university_location":[],"wsuwp_university_org":[],"_links":{"self":[{"href":"https:\/\/slcr.wsu.edu\/newsletter\/wp-json\/wp\/v2\/pages\/1566"}],"collection":[{"href":"https:\/\/slcr.wsu.edu\/newsletter\/wp-json\/wp\/v2\/pages"}],"about":[{"href":"https:\/\/slcr.wsu.edu\/newsletter\/wp-json\/wp\/v2\/types\/page"}],"author":[{"embeddable":true,"href":"https:\/\/slcr.wsu.edu\/newsletter\/wp-json\/wp\/v2\/users\/28040"}],"replies":[{"embeddable":true,"href":"https:\/\/slcr.wsu.edu\/newsletter\/wp-json\/wp\/v2\/comments?post=1566"}],"version-history":[{"count":11,"href":"https:\/\/slcr.wsu.edu\/newsletter\/wp-json\/wp\/v2\/pages\/1566\/revisions"}],"predecessor-version":[{"id":1801,"href":"https:\/\/slcr.wsu.edu\/newsletter\/wp-json\/wp\/v2\/pages\/1566\/revisions\/1801"}],"wp:attachment":[{"href":"https:\/\/slcr.wsu.edu\/newsletter\/wp-json\/wp\/v2\/media?parent=1566"}],"wp:term":[{"taxonomy":"wsuwp_university_location","embeddable":true,"href":"https:\/\/slcr.wsu.edu\/newsletter\/wp-json\/wp\/v2\/wsuwp_university_location?post=1566"},{"taxonomy":"wsuwp_university_org","embeddable":true,"href":"https:\/\/slcr.wsu.edu\/newsletter\/wp-json\/wp\/v2\/wsuwp_university_org?post=1566"}],"curies":[{"name":"wp","href":"https:\/\/api.w.org\/{rel}","templated":true}]}}